{"id":21,"date":"2025-06-15T13:51:33","date_gmt":"2025-06-15T11:51:33","guid":{"rendered":"https:\/\/eryneruelle.fr\/?page_id=21"},"modified":"2025-06-15T14:16:41","modified_gmt":"2025-06-15T12:16:41","slug":"qui-suis-je","status":"publish","type":"page","link":"https:\/\/eryneruelle.fr\/index.php\/qui-suis-je\/","title":{"rendered":"Qui suis-je ?"},"content":{"rendered":"\n<p>C\u2019est fou, quand on doit r\u00e9diger un texte de pr\u00e9sentation de soi, on se dit d\u2019abord que \u00e7a va \u00eatre la chose la plus simple au monde, et pourtant c\u2019est d\u00e9j\u00e0 la dixi\u00e8me fois que je r\u00e9\u00e9cris ma premi\u00e8re phrase.<\/p>\n\n\n\n<p>(Super, mon cerveau. Tu \u00e9cris des romans entiers depuis que j\u2019ai neuf ans mais quand il faut rester factuel et simple y\u2019a plus personne !)<\/p>\n\n\n\n<p>*se racle la gorge*<\/p>\n\n\n\n<p>Reprenons.&nbsp;<\/p>\n\n\n\n<p>Je m\u2019appelle Eryne, je suis Fran\u00e7aise mais je fais mes \u00e9tudes en Irlande, \u00e0 Dublin, et j\u2019ai jamais trop compris le principe d\u2019un texte simple et factuel.&nbsp;<\/p>\n\n\n\n<p>Depuis toute petite, j\u2019ai la t\u00eate dans les nuages. Des dizaines d\u2019id\u00e9es fusent et s\u2019entrem\u00ealent constamment, jusqu\u2019\u00e0 ce que je n\u2019aie plus qu\u2019un choix : les mettre sur le papier. Et aussit\u00f4t expuls\u00e9es, de nouvelles font surface, nourries par mes lectures et mon environnement.&nbsp;<\/p>\n\n\n\n<p>J\u2019ai \u00e9crit mon premier roman \u00e0 neuf ans, et je n\u2019ai jamais arr\u00eat\u00e9 d\u2019\u00e9crire depuis. C\u2019est ainsi qu\u2019en janvier 2024, j\u2019ai auto-\u00e9dit\u00e9 le tome 1 du <em>Peuple Lunaire<\/em>, chez Librinova. Et en ce moment, je travaille sur le tome 2 !<\/p>\n\n\n\n<p>Mais \u00e9videmment, tous ces projets se font en parall\u00e8le de mes \u00e9tudes.&nbsp;<\/p>\n\n\n\n<p>Je suis actuellement en premi\u00e8re ann\u00e9e de litt\u00e9rature anglais et \u00e9criture cr\u00e9ative \u00e0 UCD \u2014&nbsp;University College Dublin \u2014, en Irlande. \u00c9tudier \u00e0 l\u2019\u00e9tranger, c\u2019est toute une aventure avec ses hauts, mais aussi ses bas. C\u2019est exaltant, terrifiant, et incroyablement enrichissant. Et je viens seulement de finir ma premi\u00e8re ann\u00e9e, donc les aventures sont loin d\u2019\u00eatre termin\u00e9es !<\/p>\n\n\n\n<p>Sur ce site, vous pourrez suivre \u00e0 la fois l\u2019avanc\u00e9e de mes \u00e9crits et de mon rapport \u00e0 l\u2019\u00e9criture, ainsi que le r\u00e9cit de mes aventures \u00e0 Dublin ! Le tout truff\u00e9 de r\u00e9f\u00e9rences \u00e0 Harry Potter ou \u00e0 des films Disney&nbsp;(d\u00e9sol\u00e9e ? *rire diabolique*).&nbsp;<\/p>\n\n\n\n<p>Et voil\u00e0, vous savez tout ! Enfin\u2026 ou presque. Voyons, si je vous disais tout, o\u00f9 serait le suspense ?<\/p>\n\n\n\n<p>Et sur ce, je vous laisse \u00e0 la d\u00e9couverte de ce site. Moi, je dois aller manger des cr\u00eapes.&nbsp;<\/p>\n","protected":false},"excerpt":{"rendered":"<p>C\u2019est fou, quand on doit r\u00e9diger un texte de pr\u00e9sentation de soi, on se dit d\u2019abord que \u00e7a va \u00eatre la chose la plus simple au monde, et pourtant c\u2019est d\u00e9j\u00e0 la dixi\u00e8me fois que je r\u00e9\u00e9cris ma premi\u00e8re phrase. (Super, mon cerveau. Tu \u00e9cris des romans entiers depuis que j\u2019ai neuf ans mais quand [&hellip;]<\/p>\n","protected":false},"author":1,"featured_media":0,"parent":0,"menu_order":0,"comment_status":"open","ping_status":"closed","template":"","meta":{"footnotes":""},"class_list":["post-21","page","type-page","status-publish","hentry"],"_links":{"self":[{"href":"https:\/\/eryneruelle.fr\/index.php\/wp-json\/wp\/v2\/pages\/21","targetHints":{"allow":["GET"]}}],"collection":[{"href":"https:\/\/eryneruelle.fr\/index.php\/wp-json\/wp\/v2\/pages"}],"about":[{"href":"https:\/\/eryneruelle.fr\/index.php\/wp-json\/wp\/v2\/types\/page"}],"author":[{"embeddable":true,"href":"https:\/\/eryneruelle.fr\/index.php\/wp-json\/wp\/v2\/users\/1"}],"replies":[{"embeddable":true,"href":"https:\/\/eryneruelle.fr\/index.php\/wp-json\/wp\/v2\/comments?post=21"}],"version-history":[{"count":4,"href":"https:\/\/eryneruelle.fr\/index.php\/wp-json\/wp\/v2\/pages\/21\/revisions"}],"predecessor-version":[{"id":104,"href":"https:\/\/eryneruelle.fr\/index.php\/wp-json\/wp\/v2\/pages\/21\/revisions\/104"}],"wp:attachment":[{"href":"https:\/\/eryneruelle.fr\/index.php\/wp-json\/wp\/v2\/media?parent=21"}],"curies":[{"name":"wp","href":"https:\/\/api.w.org\/{rel}","templated":true}]}}